{"id":4651,"date":"2025-06-20T09:35:41","date_gmt":"2025-06-20T09:35:41","guid":{"rendered":"https:\/\/lgx.lu\/?post_type=product&#038;p=4651"},"modified":"2025-07-09T13:55:01","modified_gmt":"2025-07-09T13:55:01","slug":"stand-createur-de-10-m%c2%b2-1-cote-ouvert","status":"publish","type":"product","link":"https:\/\/lgx.lu\/en\/espace-reservation\/stand-createur-de-10-m%c2%b2-1-cote-ouvert\/","title":{"rendered":"Stand CR\u00c9ATEUR de 10 m\u00b2, 1 c\u00f4t\u00e9 ouvert &#8211; Structure incluse"},"content":{"rendered":"<p>Stand CR\u00c9ATEUR de 10 m\u00b2 avec structure et 1 c\u00f4t\u00e9 ouvert + 4 chaises incluses et bo\u00eetier \u00e9lectrique. Options suppl\u00e9mentaires disponibles.<\/p>\n<p><strong>Uniquement disponible pour les artistes et les cr\u00e9ateurs.<\/strong><\/p>","protected":false},"excerpt":{"rendered":"<p>Stand CR\u00c9ATEUR de 10 m\u00b2 avec structure et 1 c\u00f4t\u00e9 ouvert + 4 chaises incluses et bo\u00eetier \u00e9lectrique.<\/p>","protected":false},"featured_media":6880,"template":"","meta":[],"product_brand":[],"product_cat":[29],"product_tag":[],"class_list":{"0":"post-4651","1":"product","2":"type-product","3":"status-publish","4":"has-post-thumbnail","6":"product_cat-stands","8":"first","9":"instock","10":"virtual","11":"purchasable","12":"product-type-simple"},"jetpack_sharing_enabled":true,"_links":{"self":[{"href":"https:\/\/lgx.lu\/en\/wp-json\/wp\/v2\/product\/4651","targetHints":{"allow":["GET"]}}],"collection":[{"href":"https:\/\/lgx.lu\/en\/wp-json\/wp\/v2\/product"}],"about":[{"href":"https:\/\/lgx.lu\/en\/wp-json\/wp\/v2\/types\/product"}],"wp:featuredmedia":[{"embeddable":true,"href":"https:\/\/lgx.lu\/en\/wp-json\/wp\/v2\/media\/6880"}],"wp:attachment":[{"href":"https:\/\/lgx.lu\/en\/wp-json\/wp\/v2\/media?parent=4651"}],"wp:term":[{"taxonomy":"product_brand","embeddable":true,"href":"https:\/\/lgx.lu\/en\/wp-json\/wp\/v2\/product_brand?post=4651"},{"taxonomy":"product_cat","embeddable":true,"href":"https:\/\/lgx.lu\/en\/wp-json\/wp\/v2\/product_cat?post=4651"},{"taxonomy":"product_tag","embeddable":true,"href":"https:\/\/lgx.lu\/en\/wp-json\/wp\/v2\/product_tag?post=4651"}],"curies":[{"name":"wp","href":"https:\/\/api.w.org\/{rel}","templated":true}]}}