{"id":4259,"date":"2025-06-03T22:49:34","date_gmt":"2025-06-03T22:49:34","guid":{"rendered":"https:\/\/lgx.lu\/?post_type=product&#038;p=4259"},"modified":"2025-07-09T14:04:16","modified_gmt":"2025-07-09T14:04:16","slug":"stand-de-8-m%c2%b2-structure-incluse","status":"publish","type":"product","link":"https:\/\/lgx.lu\/en\/espace-reservation\/stand-de-8-m%c2%b2-structure-incluse\/","title":{"rendered":"Stand CR\u00c9ATEUR de 8 m\u00b2 &#8211; Structure incluse"},"content":{"rendered":"<p>Stand CR\u00c9ATEUR de 8 m\u00b2 avec structure et 2 c\u00f4t\u00e9s ferm\u00e9s + 4 chaises incluses et bo\u00eetier \u00e9lectrique. Options suppl\u00e9mentaires disponibles.<\/p>\n<p><strong>Uniquement disponible pour les artistes et les cr\u00e9ateurs.<\/strong><\/p>","protected":false},"excerpt":{"rendered":"<p>Stand CR\u00c9ATEUR de 8 m\u00b2 avec structure et 2 c\u00f4t\u00e9s ferm\u00e9s + 4 chaises incluses et bo\u00eetier \u00e9lectrique.<\/p>","protected":false},"featured_media":6889,"template":"","meta":[],"product_brand":[],"product_cat":[29],"product_tag":[],"class_list":{"0":"post-4259","1":"product","2":"type-product","3":"status-publish","4":"has-post-thumbnail","6":"product_cat-stands","8":"first","9":"instock","10":"virtual","11":"purchasable","12":"product-type-simple"},"jetpack_sharing_enabled":true,"_links":{"self":[{"href":"https:\/\/lgx.lu\/en\/wp-json\/wp\/v2\/product\/4259","targetHints":{"allow":["GET"]}}],"collection":[{"href":"https:\/\/lgx.lu\/en\/wp-json\/wp\/v2\/product"}],"about":[{"href":"https:\/\/lgx.lu\/en\/wp-json\/wp\/v2\/types\/product"}],"wp:featuredmedia":[{"embeddable":true,"href":"https:\/\/lgx.lu\/en\/wp-json\/wp\/v2\/media\/6889"}],"wp:attachment":[{"href":"https:\/\/lgx.lu\/en\/wp-json\/wp\/v2\/media?parent=4259"}],"wp:term":[{"taxonomy":"product_brand","embeddable":true,"href":"https:\/\/lgx.lu\/en\/wp-json\/wp\/v2\/product_brand?post=4259"},{"taxonomy":"product_cat","embeddable":true,"href":"https:\/\/lgx.lu\/en\/wp-json\/wp\/v2\/product_cat?post=4259"},{"taxonomy":"product_tag","embeddable":true,"href":"https:\/\/lgx.lu\/en\/wp-json\/wp\/v2\/product_tag?post=4259"}],"curies":[{"name":"wp","href":"https:\/\/api.w.org\/{rel}","templated":true}]}}