{"id":4246,"date":"2025-06-03T22:11:32","date_gmt":"2025-06-03T22:11:32","guid":{"rendered":"https:\/\/lgx.lu\/?post_type=product&#038;p=4246"},"modified":"2025-07-09T14:05:03","modified_gmt":"2025-07-09T14:05:03","slug":"stand-6-m%c2%b2-structure-incluse","status":"publish","type":"product","link":"https:\/\/lgx.lu\/en\/espace-reservation\/stand-6-m%c2%b2-structure-incluse\/","title":{"rendered":"CREATOR Stand \u2013 6 m\u00b2 (Structure Included)"},"content":{"rendered":"<p>Stand CR\u00c9ATEUR de 6 m\u00b2 avec deux c\u00f4t\u00e9s ferm\u00e9 et structure + 2 chaises incluses et bo\u00eetier \u00e9lectrique. Options suppl\u00e9mentaires disponibles.<\/p>\n<p><strong>Uniquement disponible pour les artistes et les cr\u00e9ateurs.<\/strong><\/p>","protected":false},"excerpt":{"rendered":"<p>Stand CR\u00c9ATEUR de 6 m\u00b2 avec deux c\u00f4t\u00e9s ferm\u00e9 et structure.<\/p>","protected":false},"featured_media":6890,"template":"","meta":[],"product_brand":[],"product_cat":[29],"product_tag":[],"class_list":{"0":"post-4246","1":"product","2":"type-product","3":"status-publish","4":"has-post-thumbnail","6":"product_cat-stands","8":"first","9":"instock","10":"virtual","11":"purchasable","12":"product-type-simple"},"jetpack_sharing_enabled":true,"_links":{"self":[{"href":"https:\/\/lgx.lu\/en\/wp-json\/wp\/v2\/product\/4246","targetHints":{"allow":["GET"]}}],"collection":[{"href":"https:\/\/lgx.lu\/en\/wp-json\/wp\/v2\/product"}],"about":[{"href":"https:\/\/lgx.lu\/en\/wp-json\/wp\/v2\/types\/product"}],"wp:featuredmedia":[{"embeddable":true,"href":"https:\/\/lgx.lu\/en\/wp-json\/wp\/v2\/media\/6890"}],"wp:attachment":[{"href":"https:\/\/lgx.lu\/en\/wp-json\/wp\/v2\/media?parent=4246"}],"wp:term":[{"taxonomy":"product_brand","embeddable":true,"href":"https:\/\/lgx.lu\/en\/wp-json\/wp\/v2\/product_brand?post=4246"},{"taxonomy":"product_cat","embeddable":true,"href":"https:\/\/lgx.lu\/en\/wp-json\/wp\/v2\/product_cat?post=4246"},{"taxonomy":"product_tag","embeddable":true,"href":"https:\/\/lgx.lu\/en\/wp-json\/wp\/v2\/product_tag?post=4246"}],"curies":[{"name":"wp","href":"https:\/\/api.w.org\/{rel}","templated":true}]}}