{"id":4243,"date":"2025-06-03T22:09:07","date_gmt":"2025-06-03T22:09:07","guid":{"rendered":"https:\/\/lgx.lu\/?post_type=product&#038;p=4243"},"modified":"2025-07-09T14:03:13","modified_gmt":"2025-07-09T14:03:13","slug":"stand-4-m%c2%b2","status":"publish","type":"product","link":"https:\/\/lgx.lu\/en\/espace-reservation\/stand-4-m%c2%b2\/","title":{"rendered":"ARTIST Stand \u2013 4 m\u00b2"},"content":{"rendered":"<p>Stand ARTISTE de 4 m\u00b2, sans structure avec 2 chaises incluses et bo\u00eetier \u00e9lectrique. Options suppl\u00e9mentaires disponibles.<\/p>\n<p><strong>Uniquement disponible pour les artistes.<\/strong><\/p>","protected":false},"excerpt":{"rendered":"<p>Stand ARTISTE de 4 m\u00b2, sans structure.<\/p>","protected":false},"featured_media":6891,"template":"","meta":[],"product_brand":[],"product_cat":[29],"product_tag":[],"class_list":{"0":"post-4243","1":"product","2":"type-product","3":"status-publish","4":"has-post-thumbnail","6":"product_cat-stands","8":"first","9":"instock","10":"virtual","11":"taxable","12":"purchasable","13":"product-type-simple"},"jetpack_sharing_enabled":true,"_links":{"self":[{"href":"https:\/\/lgx.lu\/en\/wp-json\/wp\/v2\/product\/4243","targetHints":{"allow":["GET"]}}],"collection":[{"href":"https:\/\/lgx.lu\/en\/wp-json\/wp\/v2\/product"}],"about":[{"href":"https:\/\/lgx.lu\/en\/wp-json\/wp\/v2\/types\/product"}],"wp:featuredmedia":[{"embeddable":true,"href":"https:\/\/lgx.lu\/en\/wp-json\/wp\/v2\/media\/6891"}],"wp:attachment":[{"href":"https:\/\/lgx.lu\/en\/wp-json\/wp\/v2\/media?parent=4243"}],"wp:term":[{"taxonomy":"product_brand","embeddable":true,"href":"https:\/\/lgx.lu\/en\/wp-json\/wp\/v2\/product_brand?post=4243"},{"taxonomy":"product_cat","embeddable":true,"href":"https:\/\/lgx.lu\/en\/wp-json\/wp\/v2\/product_cat?post=4243"},{"taxonomy":"product_tag","embeddable":true,"href":"https:\/\/lgx.lu\/en\/wp-json\/wp\/v2\/product_tag?post=4243"}],"curies":[{"name":"wp","href":"https:\/\/api.w.org\/{rel}","templated":true}]}}