{"id":5139,"date":"2025-06-30T13:27:45","date_gmt":"2025-06-30T13:27:45","guid":{"rendered":"https:\/\/lgx.lu\/?page_id=5139"},"modified":"2025-07-21T18:28:17","modified_gmt":"2025-07-21T18:28:17","slug":"partenaires","status":"publish","type":"page","link":"https:\/\/lgx.lu\/en\/partenaires\/","title":{"rendered":"Partenaires"},"content":{"rendered":"<div data-elementor-type=\"wp-page\" data-elementor-id=\"5139\" class=\"elementor elementor-5139\" data-elementor-post-type=\"page\">\n\t\t\t\t<div class=\"elementor-element elementor-element-4d7570c9 e-flex e-con-boxed wpr-particle-no wpr-jarallax-no wpr-parallax-no wpr-sticky-section-no e-con e-parent\" data-id=\"4d7570c9\" data-element_type=\"container\" data-e-type=\"container\" data-settings=\"{&quot;background_background&quot;:&quot;classic&quot;}\">\n\t\t\t\t\t<div class=\"e-con-inner\">\n\t\t<div class=\"elementor-element elementor-element-7847389f e-con-full e-flex wpr-particle-no wpr-jarallax-no wpr-parallax-no wpr-sticky-section-no e-con e-child\" data-id=\"7847389f\" data-element_type=\"container\" data-e-type=\"container\">\n\t\t\t\t<div class=\"elementor-element elementor-element-6c309284 elementor-widget elementor-widget-heading\" data-id=\"6c309284\" data-element_type=\"widget\" data-e-type=\"widget\" data-widget_type=\"heading.default\">\n\t\t\t\t<div class=\"elementor-widget-container\">\n\t\t\t\t\t<h4 class=\"elementor-heading-title elementor-size-default\">Align Your Brand with Luxembourg\u2019s Must-Attend Geek Event<\/h4>\t\t\t\t<\/div>\n\t\t\t\t<\/div>\n\t\t\t\t<div class=\"elementor-element elementor-element-12e3a9ed animated-slow elementor-invisible elementor-widget elementor-widget-heading\" data-id=\"12e3a9ed\" data-element_type=\"widget\" data-e-type=\"widget\" data-settings=\"{&quot;_animation&quot;:&quot;slideInUp&quot;}\" data-widget_type=\"heading.default\">\n\t\t\t\t<div class=\"elementor-widget-container\">\n\t\t\t\t\t<h1 class=\"elementor-heading-title elementor-size-default\">Become an LGX Partner<\/h1>\t\t\t\t<\/div>\n\t\t\t\t<\/div>\n\t\t\t\t<div class=\"elementor-element elementor-element-6aeabbc3 elementor-widget elementor-widget-text-editor\" data-id=\"6aeabbc3\" data-element_type=\"widget\" data-e-type=\"widget\" data-widget_type=\"text-editor.default\">\n\t\t\t\t<div class=\"elementor-widget-container\">\n\t\t\t\t\t\t\t\t\t<p data-start=\"294\" data-end=\"669\"><strong data-start=\"294\" data-end=\"329\">Luxembourg Geek Xperience<\/strong> is the premier geek convention in the Greater Region, bringing together a passionate, curious, and multigenerational audience each year.\n At its latest edition, over <strong data-start=\"503\" data-end=\"523\">14,900 visitors<\/strong> came to experience a unique weekend of pop culture, video games, cinema, Japanese animation, high-tech, and fantasy worlds.<\/p>\n<p data-start=\"671\" data-end=\"997\">The event welcomed high-profile guests such as&nbsp;<strong data-start=\"725\" data-end=\"740\">Gims<\/strong>in an exclusive live performance, and <strong data-start=\"767\" data-end=\"784\">Clive Standen<\/strong> (Vikings, Taken) for a fan signing session. On the cosplay front, the flagship competition featured a special appearance by <strong data-start=\"911\" data-end=\"928\">Kamui Cosplay<\/strong>a global icon in costume design and armor crafting.<\/p>\n<p data-start=\"999\" data-end=\"1336\">By partnering with LGX, you associate your brand with a major, family-friendly, and festive event that celebrates creativity, innovation, and imagination. It\u2019s a unique opportunity to <strong data-start=\"1187\" data-end=\"1211\">boost your visibility,<\/strong>engage a broad and loyal audience, and play an active role in a rapidly growing event at the heart of Luxembourg.<\/p>\t\t\t\t\t\t\t\t<\/div>\n\t\t\t\t<\/div>\n\t\t\t\t<div class=\"elementor-element elementor-element-3475023c elementor-align-center elementor-invisible elementor-widget elementor-widget-button\" data-id=\"3475023c\" data-element_type=\"widget\" data-e-type=\"widget\" data-settings=\"{&quot;_animation&quot;:&quot;fadeInUp&quot;}\" data-widget_type=\"button.default\">\n\t\t\t\t<div class=\"elementor-widget-container\">\n\t\t\t\t\t\t\t\t\t<div class=\"elementor-button-wrapper\">\n\t\t\t\t\t<a class=\"elementor-button elementor-button-link elementor-size-md elementor-animation-grow\" href=\"mailto:julie@lgx.lu,eli@lgx.lu?subject=Demande%20d&#039;informations%20%E2%80%93%20Partenariat%\">\n\t\t\t\t\t\t<span class=\"elementor-button-content-wrapper\">\n\t\t\t\t\t\t\t\t\t<span class=\"elementor-button-text\">Contact us<\/span>\n\t\t\t\t\t<\/span>\n\t\t\t\t\t<\/a>\n\t\t\t\t<\/div>\n\t\t\t\t\t\t\t\t<\/div>\n\t\t\t\t<\/div>\n\t\t\t\t<\/div>\n\t\t\t\t<div class=\"elementor-element elementor-element-788d364b elementor-widget__width-initial elementor-widget-laptop__width-initial elementor-widget-tablet__width-initial elementor-widget-mobile__width-initial elementor-widget elementor-widget-image\" data-id=\"788d364b\" data-element_type=\"widget\" data-e-type=\"widget\" data-widget_type=\"image.default\">\n\t\t\t\t<div class=\"elementor-widget-container\">\n\t\t\t\t\t\t\t\t\t\t\t\t\t\t\t<img fetchpriority=\"high\" decoding=\"async\" width=\"683\" height=\"1024\" src=\"https:\/\/lgx.lu\/wp-content\/uploads\/2025\/06\/showcase-gims-lgx-683x1024.webp\" class=\"attachment-large size-large wp-image-5361\" alt=\"\" srcset=\"https:\/\/lgx.lu\/wp-content\/uploads\/2025\/06\/showcase-gims-lgx-683x1024.webp 683w, https:\/\/lgx.lu\/wp-content\/uploads\/2025\/06\/showcase-gims-lgx-200x300.webp 200w, https:\/\/lgx.lu\/wp-content\/uploads\/2025\/06\/showcase-gims-lgx-768x1152.webp 768w, https:\/\/lgx.lu\/wp-content\/uploads\/2025\/06\/showcase-gims-lgx-1024x1536.webp 1024w, https:\/\/lgx.lu\/wp-content\/uploads\/2025\/06\/showcase-gims-lgx-1365x2048.webp 1365w, https:\/\/lgx.lu\/wp-content\/uploads\/2025\/06\/showcase-gims-lgx-8x12.webp 8w, https:\/\/lgx.lu\/wp-content\/uploads\/2025\/06\/showcase-gims-lgx-600x900.webp 600w, https:\/\/lgx.lu\/wp-content\/uploads\/2025\/06\/showcase-gims-lgx.webp 1500w\" sizes=\"(max-width: 683px) 100vw, 683px\" \/>\t\t\t\t\t\t\t\t\t\t\t\t\t\t\t<\/div>\n\t\t\t\t<\/div>\n\t\t\t\t\t<\/div>\n\t\t\t\t<\/div>\n\t\t<div class=\"elementor-element elementor-element-553af384 e-flex e-con-boxed wpr-particle-no wpr-jarallax-no wpr-parallax-no wpr-sticky-section-no e-con e-parent\" data-id=\"553af384\" data-element_type=\"container\" data-e-type=\"container\" data-settings=\"{&quot;background_background&quot;:&quot;gradient&quot;}\">\n\t\t\t\t\t<div class=\"e-con-inner\">\n\t\t\t\t<div class=\"elementor-element elementor-element-123dcbb6 elementor-widget elementor-widget-heading\" data-id=\"123dcbb6\" data-element_type=\"widget\" data-e-type=\"widget\" data-widget_type=\"heading.default\">\n\t\t\t\t<div class=\"elementor-widget-container\">\n\t\t\t\t\t<h2 class=\"elementor-heading-title elementor-size-default\">They Trusted Us<\/h2>\t\t\t\t<\/div>\n\t\t\t\t<\/div>\n\t\t\t\t<div class=\"elementor-element elementor-element-40ca538 elementor-widget__width-initial elementor-widget elementor-widget-text-editor\" data-id=\"40ca538\" data-element_type=\"widget\" data-e-type=\"widget\" data-widget_type=\"text-editor.default\">\n\t\t\t\t<div class=\"elementor-widget-container\">\n\t\t\t\t\t\t\t\t\t<p>Over the years, many partners have collaborated with LGX, helping make each edition a standout event in the heart of pop culture. These partners have supported our initiatives, brought their presence to life through engaging booths, exclusive activations, and contributed to the immersive experience that defines LGX. Discover below the brands and organizations that have been part of the LGX journey over the years.<\/p>\t\t\t\t\t\t\t\t<\/div>\n\t\t\t\t<\/div>\n\t\t\t\t<div class=\"elementor-element elementor-element-3f58f809 elementor-widget elementor-widget-image-carousel\" data-id=\"3f58f809\" data-element_type=\"widget\" data-e-type=\"widget\" data-settings=\"{&quot;slides_to_show&quot;:&quot;8&quot;,&quot;slides_to_show_tablet&quot;:&quot;4&quot;,&quot;navigation&quot;:&quot;none&quot;,&quot;pause_on_hover&quot;:&quot;no&quot;,&quot;pause_on_interaction&quot;:&quot;no&quot;,&quot;image_spacing_custom&quot;:{&quot;unit&quot;:&quot;px&quot;,&quot;size&quot;:&quot;55&quot;,&quot;sizes&quot;:[]},&quot;slides_to_scroll_tablet&quot;:&quot;1&quot;,&quot;autoplay_speed&quot;:1000,&quot;slides_to_show_mobile&quot;:&quot;3&quot;,&quot;autoplay&quot;:&quot;yes&quot;,&quot;infinite&quot;:&quot;yes&quot;,&quot;speed&quot;:500,&quot;image_spacing_custom_laptop&quot;:{&quot;unit&quot;:&quot;px&quot;,&quot;size&quot;:&quot;&quot;,&quot;sizes&quot;:[]},&quot;image_spacing_custom_tablet&quot;:{&quot;unit&quot;:&quot;px&quot;,&quot;size&quot;:&quot;&quot;,&quot;sizes&quot;:[]},&quot;image_spacing_custom_mobile&quot;:{&quot;unit&quot;:&quot;px&quot;,&quot;size&quot;:&quot;&quot;,&quot;sizes&quot;:[]}}\" data-widget_type=\"image-carousel.default\">\n\t\t\t\t<div class=\"elementor-widget-container\">\n\t\t\t\t\t\t\t<div class=\"elementor-image-carousel-wrapper swiper\" role=\"region\" aria-roledescription=\"carousel\" aria-label=\"Carrousel d\u2019images\" dir=\"ltr\">\n\t\t\t<div class=\"elementor-image-carousel swiper-wrapper\" aria-live=\"off\">\n\t\t\t\t\t\t\t\t<div class=\"swiper-slide\" role=\"group\" aria-roledescription=\"slide\" aria-label=\"1 sur 33\"><figure class=\"swiper-slide-inner\"><img decoding=\"async\" class=\"swiper-slide-image\" src=\"https:\/\/lgx.lu\/wp-content\/uploads\/2025\/06\/Orange_logo.svg\" alt=\"Orange_logo\" \/><\/figure><\/div><div class=\"swiper-slide\" role=\"group\" aria-roledescription=\"slide\" aria-label=\"2 sur 33\"><figure class=\"swiper-slide-inner\"><img decoding=\"async\" class=\"swiper-slide-image\" src=\"https:\/\/lgx.lu\/wp-content\/uploads\/2025\/06\/42_logo-1.png\" alt=\"42_logo\" \/><\/figure><\/div><div class=\"swiper-slide\" role=\"group\" aria-roledescription=\"slide\" aria-label=\"3 sur 33\"><figure class=\"swiper-slide-inner\"><img decoding=\"async\" class=\"swiper-slide-image\" src=\"https:\/\/lgx.lu\/wp-content\/uploads\/2025\/06\/logo-post.svg\" alt=\"logo-post\" \/><\/figure><\/div><div class=\"swiper-slide\" role=\"group\" aria-roledescription=\"slide\" aria-label=\"4 sur 33\"><figure class=\"swiper-slide-inner\"><img decoding=\"async\" class=\"swiper-slide-image\" src=\"https:\/\/lgx.lu\/wp-content\/uploads\/2025\/06\/LOGO-LVI.svg\" alt=\"LOGO-LVI\" \/><\/figure><\/div><div class=\"swiper-slide\" role=\"group\" aria-roledescription=\"slide\" aria-label=\"5 sur 33\"><figure class=\"swiper-slide-inner\"><img decoding=\"async\" class=\"swiper-slide-image\" src=\"https:\/\/lgx.lu\/wp-content\/uploads\/2024\/09\/3S-tech.png\" alt=\"3S tech\" \/><\/figure><\/div><div class=\"swiper-slide\" role=\"group\" aria-roledescription=\"slide\" aria-label=\"6 sur 33\"><figure class=\"swiper-slide-inner\"><img decoding=\"async\" class=\"swiper-slide-image\" src=\"https:\/\/lgx.lu\/wp-content\/uploads\/2024\/09\/DIGITAL.png\" alt=\"DIGITAL\" \/><\/figure><\/div><div class=\"swiper-slide\" role=\"group\" aria-roledescription=\"slide\" aria-label=\"7 sur 33\"><figure class=\"swiper-slide-inner\"><img decoding=\"async\" class=\"swiper-slide-image\" src=\"https:\/\/lgx.lu\/wp-content\/uploads\/2024\/09\/Rockhal.png\" alt=\"Rockhal\" \/><\/figure><\/div><div class=\"swiper-slide\" role=\"group\" aria-roledescription=\"slide\" aria-label=\"8 sur 33\"><figure class=\"swiper-slide-inner\"><img decoding=\"async\" class=\"swiper-slide-image\" src=\"https:\/\/lgx.lu\/wp-content\/uploads\/2024\/09\/LORFM.png\" alt=\"LORFM\" \/><\/figure><\/div><div class=\"swiper-slide\" role=\"group\" aria-roledescription=\"slide\" aria-label=\"9 sur 33\"><figure class=\"swiper-slide-inner\"><img decoding=\"async\" class=\"swiper-slide-image\" src=\"https:\/\/lgx.lu\/wp-content\/uploads\/2024\/09\/HIFI.png\" alt=\"HIFI\" \/><\/figure><\/div><div class=\"swiper-slide\" role=\"group\" aria-roledescription=\"slide\" aria-label=\"10 sur 33\"><figure class=\"swiper-slide-inner\"><img decoding=\"async\" class=\"swiper-slide-image\" src=\"https:\/\/lgx.lu\/wp-content\/uploads\/2024\/09\/Extreme-Gamer.png\" alt=\"Extreme Gamer\" \/><\/figure><\/div><div class=\"swiper-slide\" role=\"group\" aria-roledescription=\"slide\" aria-label=\"11 sur 33\"><figure class=\"swiper-slide-inner\"><img decoding=\"async\" class=\"swiper-slide-image\" src=\"https:\/\/lgx.lu\/wp-content\/uploads\/2024\/05\/logo-eldoradio-orange-cmyk-ouni-frequenzen-01-1.png\" alt=\"logo-eldoradio-orange-cmyk-ouni-frequenzen-01-1\" \/><\/figure><\/div><div class=\"swiper-slide\" role=\"group\" aria-roledescription=\"slide\" aria-label=\"12 sur 33\"><figure class=\"swiper-slide-inner\"><img decoding=\"async\" class=\"swiper-slide-image\" src=\"https:\/\/lgx.lu\/wp-content\/uploads\/2024\/05\/PngItem_2145556.png\" alt=\"PngItem_2145556\" \/><\/figure><\/div><div class=\"swiper-slide\" role=\"group\" aria-roledescription=\"slide\" aria-label=\"13 sur 33\"><figure class=\"swiper-slide-inner\"><img decoding=\"async\" class=\"swiper-slide-image\" src=\"https:\/\/lgx.lu\/wp-content\/uploads\/2024\/05\/media-markt-logo-png-transparent.png\" alt=\"media-markt-logo-png-transparent\" \/><\/figure><\/div><div class=\"swiper-slide\" role=\"group\" aria-roledescription=\"slide\" aria-label=\"14 sur 33\"><figure class=\"swiper-slide-inner\"><img decoding=\"async\" class=\"swiper-slide-image\" src=\"https:\/\/lgx.lu\/wp-content\/uploads\/2024\/05\/Enovos.png\" alt=\"Enovos\" \/><\/figure><\/div><div class=\"swiper-slide\" role=\"group\" aria-roledescription=\"slide\" aria-label=\"15 sur 33\"><figure class=\"swiper-slide-inner\"><img decoding=\"async\" class=\"swiper-slide-image\" src=\"https:\/\/lgx.lu\/wp-content\/uploads\/2024\/05\/BALN.SW_BIG.D-377ee7f2.png\" alt=\"BALN.SW_BIG.D-377ee7f2\" \/><\/figure><\/div><div class=\"swiper-slide\" role=\"group\" aria-roledescription=\"slide\" aria-label=\"16 sur 33\"><figure class=\"swiper-slide-inner\"><img decoding=\"async\" class=\"swiper-slide-image\" src=\"https:\/\/lgx.lu\/wp-content\/uploads\/2024\/04\/Image-75.svg\" alt=\"Image 75\" \/><\/figure><\/div><div class=\"swiper-slide\" role=\"group\" aria-roledescription=\"slide\" aria-label=\"17 sur 33\"><figure class=\"swiper-slide-inner\"><img decoding=\"async\" class=\"swiper-slide-image\" src=\"https:\/\/lgx.lu\/wp-content\/uploads\/2024\/04\/Logo-SP-texte-blanc.svg\" alt=\"Logo SP - texte blanc\" \/><\/figure><\/div><div class=\"swiper-slide\" role=\"group\" aria-roledescription=\"slide\" aria-label=\"18 sur 33\"><figure class=\"swiper-slide-inner\"><img decoding=\"async\" class=\"swiper-slide-image\" src=\"https:\/\/lgx.lu\/wp-content\/uploads\/2024\/04\/Image-74.svg\" alt=\"Image 74\" \/><\/figure><\/div><div class=\"swiper-slide\" role=\"group\" aria-roledescription=\"slide\" aria-label=\"19 sur 33\"><figure class=\"swiper-slide-inner\"><img decoding=\"async\" class=\"swiper-slide-image\" src=\"https:\/\/lgx.lu\/wp-content\/uploads\/2024\/04\/Image-68.svg\" alt=\"Image 68\" \/><\/figure><\/div><div class=\"swiper-slide\" role=\"group\" aria-roledescription=\"slide\" aria-label=\"20 sur 33\"><figure class=\"swiper-slide-inner\"><img decoding=\"async\" class=\"swiper-slide-image\" src=\"https:\/\/lgx.lu\/wp-content\/uploads\/2024\/04\/Image-67.svg\" alt=\"Image 67\" \/><\/figure><\/div><div class=\"swiper-slide\" role=\"group\" aria-roledescription=\"slide\" aria-label=\"21 sur 33\"><figure class=\"swiper-slide-inner\"><img decoding=\"async\" class=\"swiper-slide-image\" src=\"https:\/\/lgx.lu\/wp-content\/uploads\/2025\/07\/Huawei_Standard_logo.svg.png\" alt=\"Huawei_Standard_logo.svg\" \/><\/figure><\/div><div class=\"swiper-slide\" role=\"group\" aria-roledescription=\"slide\" aria-label=\"22 sur 33\"><figure class=\"swiper-slide-inner\"><img decoding=\"async\" class=\"swiper-slide-image\" src=\"https:\/\/lgx.lu\/wp-content\/uploads\/2025\/07\/nintendo-logo.jpeg\" alt=\"nintendo-logo\" \/><\/figure><\/div><div class=\"swiper-slide\" role=\"group\" aria-roledescription=\"slide\" aria-label=\"23 sur 33\"><figure class=\"swiper-slide-inner\"><img decoding=\"async\" class=\"swiper-slide-image\" src=\"https:\/\/lgx.lu\/wp-content\/uploads\/2025\/07\/xbox-microsoft-logo.jpeg\" alt=\"xbox-microsoft-logo\" \/><\/figure><\/div><div class=\"swiper-slide\" role=\"group\" aria-roledescription=\"slide\" aria-label=\"24 sur 33\"><figure class=\"swiper-slide-inner\"><img decoding=\"async\" class=\"swiper-slide-image\" src=\"https:\/\/lgx.lu\/wp-content\/uploads\/2025\/07\/lenovo-logo.jpeg\" alt=\"lenovo-logo\" \/><\/figure><\/div><div class=\"swiper-slide\" role=\"group\" aria-roledescription=\"slide\" aria-label=\"25 sur 33\"><figure class=\"swiper-slide-inner\"><img decoding=\"async\" class=\"swiper-slide-image\" src=\"https:\/\/lgx.lu\/wp-content\/uploads\/2025\/07\/Linksys_Logo-scaled.png\" alt=\"Linksys_Logo\" \/><\/figure><\/div><div class=\"swiper-slide\" role=\"group\" aria-roledescription=\"slide\" aria-label=\"26 sur 33\"><figure class=\"swiper-slide-inner\"><img decoding=\"async\" class=\"swiper-slide-image\" src=\"https:\/\/lgx.lu\/wp-content\/uploads\/2025\/07\/samsung_logo.webp\" alt=\"samsung_logo\" \/><\/figure><\/div><div class=\"swiper-slide\" role=\"group\" aria-roledescription=\"slide\" aria-label=\"27 sur 33\"><figure class=\"swiper-slide-inner\"><img decoding=\"async\" class=\"swiper-slide-image\" src=\"https:\/\/lgx.lu\/wp-content\/uploads\/2025\/07\/battle-kart-logo.png\" alt=\"battle-kart-logo\" \/><\/figure><\/div><div class=\"swiper-slide\" role=\"group\" aria-roledescription=\"slide\" aria-label=\"28 sur 33\"><figure class=\"swiper-slide-inner\"><img decoding=\"async\" class=\"swiper-slide-image\" src=\"https:\/\/lgx.lu\/wp-content\/uploads\/2025\/07\/logo-wedely.png\" alt=\"logo-wedely\" \/><\/figure><\/div><div class=\"swiper-slide\" role=\"group\" aria-roledescription=\"slide\" aria-label=\"29 sur 33\"><figure class=\"swiper-slide-inner\"><img decoding=\"async\" class=\"swiper-slide-image\" src=\"https:\/\/lgx.lu\/wp-content\/uploads\/2025\/07\/Autopolis.png\" alt=\"Autopolis\" \/><\/figure><\/div><div class=\"swiper-slide\" role=\"group\" aria-roledescription=\"slide\" aria-label=\"30 sur 33\"><figure class=\"swiper-slide-inner\"><img decoding=\"async\" class=\"swiper-slide-image\" src=\"https:\/\/lgx.lu\/wp-content\/uploads\/2025\/07\/logitech-logo.png\" alt=\"logitech-logo\" \/><\/figure><\/div><div class=\"swiper-slide\" role=\"group\" aria-roledescription=\"slide\" aria-label=\"31 sur 33\"><figure class=\"swiper-slide-inner\"><img decoding=\"async\" class=\"swiper-slide-image\" src=\"https:\/\/lgx.lu\/wp-content\/uploads\/2025\/07\/asus-logo-1.png\" alt=\"asus-logo\" \/><\/figure><\/div><div class=\"swiper-slide\" role=\"group\" aria-roledescription=\"slide\" aria-label=\"32 sur 33\"><figure class=\"swiper-slide-inner\"><img decoding=\"async\" class=\"swiper-slide-image\" src=\"https:\/\/lgx.lu\/wp-content\/uploads\/2025\/07\/Logo-ana-carolina-photographe.avif\" alt=\"Logo-ana-carolina-photographe\" \/><\/figure><\/div><div class=\"swiper-slide\" role=\"group\" aria-roledescription=\"slide\" aria-label=\"33 sur 33\"><figure class=\"swiper-slide-inner\"><img decoding=\"async\" class=\"swiper-slide-image\" src=\"https:\/\/lgx.lu\/wp-content\/uploads\/2025\/07\/ministere-de-la-jeunesse-luxembourg-lgx.webp\" alt=\"ministe\u0300re-de-la-jeunesse-luxembourg-lgx\" \/><\/figure><\/div>\t\t\t<\/div>\n\t\t\t\t\t\t\t\n\t\t\t\t\t\t\t\t\t<\/div>\n\t\t\t\t\t\t<\/div>\n\t\t\t\t<\/div>\n\t\t\t\t\t<\/div>\n\t\t\t\t<\/div>\n\t\t\t\t<\/div>","protected":false},"excerpt":{"rendered":"<p>Associez votre marque \u00e0 l\u2019\u00e9v\u00e9nement geek incontournable au Luxembourg Devenez partenaire LGX Luxembourg Geek Xperience est la convention geek incontournable de la Grande R\u00e9gion, rassemblant chaque ann\u00e9e un public passionn\u00e9, curieux et interg\u00e9n\u00e9rationnel. Lors de la derni\u00e8re \u00e9dition, plus de 14\u202f500 visiteurs ont r\u00e9pondu pr\u00e9sent pour vivre un week-end unique m\u00ealant pop culture, jeux vid\u00e9o, cin\u00e9ma, animation japonaise, high-tech et univers fantastiques. L\u2019\u00e9v\u00e9nement a accueilli des invit\u00e9s de renom tels que\u00a0Gims, en showcase exclusif, ou Clive Standen (Vikings, Taken) pour une s\u00e9ance de d\u00e9dicaces. C\u00f4t\u00e9 cosplay, le concours phare a \u00e9t\u00e9 marqu\u00e9 par la pr\u00e9sence exceptionnelle de Kamui Cosplay, r\u00e9f\u00e9rence internationale du costume et de la fabrication d\u2019armures. En devenant partenaire de LGX, vous associez votre marque \u00e0 un rendez-vous majeur, familial et festif, qui valorise la cr\u00e9ativit\u00e9, l\u2019innovation et l\u2019imaginaire. C\u2019est l\u2019occasion id\u00e9ale de gagner en visibilit\u00e9, d\u2019engager un public large et fid\u00e8le, et de contribuer activement \u00e0 un \u00e9v\u00e9nement en pleine expansion, au c\u0153ur du Luxembourg. Contactez-nous Ils nous ont fait confiance Au fil des \u00e9ditions, de nombreux partenaires ont collabor\u00e9 avec LGX, contribuant \u00e0 faire de chaque convention un \u00e9v\u00e9nement unique au c\u0153ur de la pop culture. Ces partenaires ont soutenu nos initiatives, anim\u00e9 les stands, propos\u00e9 des animations exclusives et renforc\u00e9 l\u2019exp\u00e9rience immersive offerte au public. D\u00e9couvrez ci-dessous celles et ceux qui ont marqu\u00e9 l\u2019aventure LGX au fil des ann\u00e9es.<\/p>","protected":false},"author":5,"featured_media":0,"parent":0,"menu_order":0,"comment_status":"closed","ping_status":"closed","template":"elementor_header_footer","meta":{"footnotes":""},"class_list":["post-5139","page","type-page","status-publish","hentry"],"jetpack_sharing_enabled":true,"_links":{"self":[{"href":"https:\/\/lgx.lu\/en\/wp-json\/wp\/v2\/pages\/5139","targetHints":{"allow":["GET"]}}],"collection":[{"href":"https:\/\/lgx.lu\/en\/wp-json\/wp\/v2\/pages"}],"about":[{"href":"https:\/\/lgx.lu\/en\/wp-json\/wp\/v2\/types\/page"}],"author":[{"embeddable":true,"href":"https:\/\/lgx.lu\/en\/wp-json\/wp\/v2\/users\/5"}],"replies":[{"embeddable":true,"href":"https:\/\/lgx.lu\/en\/wp-json\/wp\/v2\/comments?post=5139"}],"version-history":[{"count":55,"href":"https:\/\/lgx.lu\/en\/wp-json\/wp\/v2\/pages\/5139\/revisions"}],"predecessor-version":[{"id":7203,"href":"https:\/\/lgx.lu\/en\/wp-json\/wp\/v2\/pages\/5139\/revisions\/7203"}],"wp:attachment":[{"href":"https:\/\/lgx.lu\/en\/wp-json\/wp\/v2\/media?parent=5139"}],"curies":[{"name":"wp","href":"https:\/\/api.w.org\/{rel}","templated":true}]}}