{"id":5114,"date":"2025-06-27T10:42:06","date_gmt":"2025-06-27T10:42:06","guid":{"rendered":"https:\/\/lgx.lu\/?page_id=5114"},"modified":"2025-07-21T18:26:39","modified_gmt":"2025-07-21T18:26:39","slug":"exposants-lgx","status":"publish","type":"page","link":"https:\/\/lgx.lu\/en\/exposants-lgx\/","title":{"rendered":"Espace exposants"},"content":{"rendered":"<div data-elementor-type=\"wp-page\" data-elementor-id=\"5114\" class=\"elementor elementor-5114\" data-elementor-post-type=\"page\">\n\t\t\t\t<div class=\"elementor-element elementor-element-8c4ced8 e-flex e-con-boxed wpr-particle-no wpr-jarallax-no wpr-parallax-no wpr-sticky-section-no e-con e-parent\" data-id=\"8c4ced8\" data-element_type=\"container\" data-e-type=\"container\" data-settings=\"{&quot;background_background&quot;:&quot;gradient&quot;}\">\n\t\t\t\t\t<div class=\"e-con-inner\">\n\t\t<div class=\"elementor-element elementor-element-4dad55f e-con-full e-flex wpr-particle-no wpr-jarallax-no wpr-parallax-no wpr-sticky-section-no e-con e-child\" data-id=\"4dad55f\" data-element_type=\"container\" data-e-type=\"container\">\n\t\t\t\t<div class=\"elementor-element elementor-element-e5c3ee4 animated-slow elementor-invisible elementor-widget elementor-widget-heading\" data-id=\"e5c3ee4\" data-element_type=\"widget\" data-e-type=\"widget\" data-settings=\"{&quot;_animation&quot;:&quot;slideInUp&quot;}\" data-widget_type=\"heading.default\">\n\t\t\t\t<div class=\"elementor-widget-container\">\n\t\t\t\t\t<h4 class=\"elementor-heading-title elementor-size-default\">Registration Now Open<\/h4>\t\t\t\t<\/div>\n\t\t\t\t<\/div>\n\t\t\t\t<div class=\"elementor-element elementor-element-6798359 animated-slow elementor-invisible elementor-widget elementor-widget-heading\" data-id=\"6798359\" data-element_type=\"widget\" data-e-type=\"widget\" data-settings=\"{&quot;_animation&quot;:&quot;slideInUp&quot;}\" data-widget_type=\"heading.default\">\n\t\t\t\t<div class=\"elementor-widget-container\">\n\t\t\t\t\t<h1 class=\"elementor-heading-title elementor-size-default\">Participation Guidelines<\/h1>\t\t\t\t<\/div>\n\t\t\t\t<\/div>\n\t\t\t\t<div class=\"elementor-element elementor-element-f882335 elementor-widget elementor-widget-image\" data-id=\"f882335\" data-element_type=\"widget\" data-e-type=\"widget\" data-widget_type=\"image.default\">\n\t\t\t\t<div class=\"elementor-widget-container\">\n\t\t\t\t\t\t\t\t\t\t\t\t\t\t\t<img fetchpriority=\"high\" decoding=\"async\" width=\"667\" height=\"444\" src=\"https:\/\/lgx.lu\/wp-content\/uploads\/2024\/04\/bH7abfB0rr5qyC2bM8MzWLW9pCjfD5iGaONuygl5_YYeJxFPc.jpeg\" class=\"attachment-large size-large wp-image-1869\" alt=\"\" srcset=\"https:\/\/lgx.lu\/wp-content\/uploads\/2024\/04\/bH7abfB0rr5qyC2bM8MzWLW9pCjfD5iGaONuygl5_YYeJxFPc.jpeg 667w, https:\/\/lgx.lu\/wp-content\/uploads\/2024\/04\/bH7abfB0rr5qyC2bM8MzWLW9pCjfD5iGaONuygl5_YYeJxFPc-600x399.jpeg 600w, https:\/\/lgx.lu\/wp-content\/uploads\/2024\/04\/bH7abfB0rr5qyC2bM8MzWLW9pCjfD5iGaONuygl5_YYeJxFPc-300x200.jpeg 300w\" sizes=\"(max-width: 667px) 100vw, 667px\" \/>\t\t\t\t\t\t\t\t\t\t\t\t\t\t\t<\/div>\n\t\t\t\t<\/div>\n\t\t\t\t<div class=\"elementor-element elementor-element-7093385 elementor-widget elementor-widget-text-editor\" data-id=\"7093385\" data-element_type=\"widget\" data-e-type=\"widget\" data-widget_type=\"text-editor.default\">\n\t\t\t\t<div class=\"elementor-widget-container\">\n\t\t\t\t\t\t\t\t\t<p>The organizers reserve the right to verify exhibitor eligibility by requesting additional materials (such as workshop photos, product samples, or proof of business activity).<\/p><p>Any incorrect registration may be modified and reclassified under the appropriate category. In such cases, any price difference for the stand must be paid immediately.<\/p>\t\t\t\t\t\t\t\t<\/div>\n\t\t\t\t<\/div>\n\t\t\t\t<\/div>\n\t\t<div class=\"elementor-element elementor-element-929648a e-con-full e-flex wpr-particle-no wpr-jarallax-no wpr-parallax-no wpr-sticky-section-no e-con e-child\" data-id=\"929648a\" data-element_type=\"container\" data-e-type=\"container\">\n\t\t\t\t<div class=\"elementor-element elementor-element-25c7e42 elementor-widget__width-inherit elementor-widget elementor-widget-toggle\" data-id=\"25c7e42\" data-element_type=\"widget\" data-e-type=\"widget\" data-widget_type=\"toggle.default\">\n\t\t\t\t<div class=\"elementor-widget-container\">\n\t\t\t\t\t\t\t<div class=\"elementor-toggle\">\n\t\t\t\t\t\t\t<div class=\"elementor-toggle-item\">\n\t\t\t\t\t<h3 id=\"elementor-tab-title-3961\" class=\"elementor-tab-title\" data-tab=\"1\" role=\"button\" aria-controls=\"elementor-tab-content-3961\" aria-expanded=\"false\">\n\t\t\t\t\t\t\t\t\t\t\t\t<span class=\"elementor-toggle-icon elementor-toggle-icon-right\" aria-hidden=\"true\">\n\t\t\t\t\t\t\t\t\t\t\t\t\t\t\t<span class=\"elementor-toggle-icon-closed\"><svg class=\"e-font-icon-svg e-fas-plus\" viewbox=\"0 0 448 512\" xmlns=\"http:\/\/www.w3.org\/2000\/svg\"><path d=\"M416 208H272V64c0-17.67-14.33-32-32-32h-32c-17.67 0-32 14.33-32 32v144H32c-17.67 0-32 14.33-32 32v32c0 17.67 14.33 32 32 32h144v144c0 17.67 14.33 32 32 32h32c17.67 0 32-14.33 32-32V304h144c17.67 0 32-14.33 32-32v-32c0-17.67-14.33-32-32-32z\"><\/path><\/svg><\/span>\n\t\t\t\t\t\t\t\t<span class=\"elementor-toggle-icon-opened\"><svg class=\"elementor-toggle-icon-opened e-font-icon-svg e-fas-minus\" viewbox=\"0 0 448 512\" xmlns=\"http:\/\/www.w3.org\/2000\/svg\"><path d=\"M416 208H32c-17.67 0-32 14.33-32 32v32c0 17.67 14.33 32 32 32h384c17.67 0 32-14.33 32-32v-32c0-17.67-14.33-32-32-32z\"><\/path><\/svg><\/span>\n\t\t\t\t\t\t\t\t\t\t\t\t\t<\/span>\n\t\t\t\t\t\t\t\t\t\t\t\t<a class=\"elementor-toggle-title\" tabindex=\"0\">Artists<\/a>\n\t\t\t\t\t<\/h3>\n\n\t\t\t\t\t<div id=\"elementor-tab-content-3961\" class=\"elementor-tab-content elementor-clearfix\" data-tab=\"1\" role=\"region\" aria-labelledby=\"elementor-tab-title-3961\"><p><em>Are you just starting out, selling your creations at affordable prices, and have never exhibited in a gallery ? This category is made for you !<\/em><\/p><p><strong>Stand Size<\/strong><br \/>4m\u00b2 including 2 chairs. Any additional requests will incur extra charges.<\/p><p><strong>Type of creations<\/strong><br \/>Entirely original works, designed and\/or handmade by the exhibitor.<\/p><p><strong>Your Status<\/strong><br \/>You are at the beginning of your creative journey, and this is not your primary professional activity.<\/p><p><strong>Exhibitions<\/strong><br \/>Your work is not currently exhibited in galleries or professional retail spaces.<\/p><p><strong>Production<\/strong><br \/>Your creations are one-of-a-kind pieces or small batches. Mass-produced or outsourced items are not allowed.<\/p><p><strong>Number of Participations<\/strong><br \/>No more than 3 participations in this category. After that, you must register as a professional artist.<\/p><p><strong>Stand Sharing<\/strong><br \/>Stand sharing is not permitted in this category. If you wish to share a stand, you must register under the Professional Artists &amp; Makers category.<\/p><p><strong>Type of creations<\/strong><br \/>Entirely original works, designed and\/or handmade by the exhibitor.<\/p><\/div>\n\t\t\t\t<\/div>\n\t\t\t\t\t\t\t\t<\/div>\n\t\t\t\t\t\t<\/div>\n\t\t\t\t<\/div>\n\t\t\t\t<div class=\"elementor-element elementor-element-5c74a9d elementor-widget__width-inherit elementor-widget elementor-widget-toggle\" data-id=\"5c74a9d\" data-element_type=\"widget\" data-e-type=\"widget\" data-widget_type=\"toggle.default\">\n\t\t\t\t<div class=\"elementor-widget-container\">\n\t\t\t\t\t\t\t<div class=\"elementor-toggle\">\n\t\t\t\t\t\t\t<div class=\"elementor-toggle-item\">\n\t\t\t\t\t<h3 id=\"elementor-tab-title-9691\" class=\"elementor-tab-title\" data-tab=\"1\" role=\"button\" aria-controls=\"elementor-tab-content-9691\" aria-expanded=\"false\">\n\t\t\t\t\t\t\t\t\t\t\t\t<span class=\"elementor-toggle-icon elementor-toggle-icon-right\" aria-hidden=\"true\">\n\t\t\t\t\t\t\t\t\t\t\t\t\t\t\t<span class=\"elementor-toggle-icon-closed\"><svg class=\"e-font-icon-svg e-fas-plus\" viewbox=\"0 0 448 512\" xmlns=\"http:\/\/www.w3.org\/2000\/svg\"><path d=\"M416 208H272V64c0-17.67-14.33-32-32-32h-32c-17.67 0-32 14.33-32 32v144H32c-17.67 0-32 14.33-32 32v32c0 17.67 14.33 32 32 32h144v144c0 17.67 14.33 32 32 32h32c17.67 0 32-14.33 32-32V304h144c17.67 0 32-14.33 32-32v-32c0-17.67-14.33-32-32-32z\"><\/path><\/svg><\/span>\n\t\t\t\t\t\t\t\t<span class=\"elementor-toggle-icon-opened\"><svg class=\"elementor-toggle-icon-opened e-font-icon-svg e-fas-minus\" viewbox=\"0 0 448 512\" xmlns=\"http:\/\/www.w3.org\/2000\/svg\"><path d=\"M416 208H32c-17.67 0-32 14.33-32 32v32c0 17.67 14.33 32 32 32h384c17.67 0 32-14.33 32-32v-32c0-17.67-14.33-32-32-32z\"><\/path><\/svg><\/span>\n\t\t\t\t\t\t\t\t\t\t\t\t\t<\/span>\n\t\t\t\t\t\t\t\t\t\t\t\t<a class=\"elementor-toggle-title\" tabindex=\"0\">Professional Artists &amp; Makers<\/a>\n\t\t\t\t\t<\/h3>\n\n\t\t\t\t\t<div id=\"elementor-tab-content-9691\" class=\"elementor-tab-content elementor-clearfix\" data-tab=\"1\" role=\"region\" aria-labelledby=\"elementor-tab-title-9691\"><div class=\"elementor-element elementor-element-9f1b8f8 elementor-widget elementor-widget-text-editor\" data-id=\"9f1b8f8\" data-element_type=\"widget\" data-widget_type=\"text-editor.default\"><div class=\"elementor-widget-container\"><p><em>You can make a living from your creations, resell items or get professional exposure. This is the place to do it !<\/em><\/p><\/div><\/div><div class=\"elementor-element elementor-element-648c950 elementor-widget__width-initial elementor-widget elementor-widget-eael-feature-list\" data-id=\"648c950\" data-element_type=\"widget\" data-widget_type=\"eael-feature-list.default\"><div class=\"elementor-widget-container\"><div class=\"-icon-position-left -tablet-icon-position-left -mobile-icon-position-left\"><div class=\"eael-feature-list-icon-box\"><div class=\"eael-feature-list-icon-inner\"><p><strong>Stand Size<\/strong><br \/>Choose between a 6m\u00b2 stand (includes 2 chairs) or an 8m\u00b2 stand (includes 4 chairs).<\/p><p><strong>Including structure<\/strong><br \/>A complete stand setup is provided: white wooden partitions, 2.5m high.<\/p><p><strong>Your Status<\/strong><br \/>Professional status is required.<\/p><p><strong>Type of Works<\/strong><br \/>Exclusively original creations, no reproductions or unauthorized copies permitted.<\/p><p><strong>Presentation<\/strong><br \/>A professional and visually coherent stand display is recommended to reflect the quality of your work.<\/p><p><strong>Pricing<\/strong><br \/>Free pricing policy (you set your own prices).<\/p><p><strong>Stand Sharing<\/strong><br \/>Stand sharing is allowed, provided each exhibitor meets the criteria of the selected category. Prior notice to the organizers is required.<\/p><\/div><\/div><\/div><\/div><\/div><\/div>\n\t\t\t\t<\/div>\n\t\t\t\t\t\t\t\t<\/div>\n\t\t\t\t\t\t<\/div>\n\t\t\t\t<\/div>\n\t\t\t\t<div class=\"elementor-element elementor-element-18004ac elementor-widget__width-inherit elementor-widget elementor-widget-toggle\" data-id=\"18004ac\" data-element_type=\"widget\" data-e-type=\"widget\" data-widget_type=\"toggle.default\">\n\t\t\t\t<div class=\"elementor-widget-container\">\n\t\t\t\t\t\t\t<div class=\"elementor-toggle\">\n\t\t\t\t\t\t\t<div class=\"elementor-toggle-item\">\n\t\t\t\t\t<h3 id=\"elementor-tab-title-2511\" class=\"elementor-tab-title\" data-tab=\"1\" role=\"button\" aria-controls=\"elementor-tab-content-2511\" aria-expanded=\"false\">\n\t\t\t\t\t\t\t\t\t\t\t\t<span class=\"elementor-toggle-icon elementor-toggle-icon-right\" aria-hidden=\"true\">\n\t\t\t\t\t\t\t\t\t\t\t\t\t\t\t<span class=\"elementor-toggle-icon-closed\"><svg class=\"e-font-icon-svg e-fas-plus\" viewbox=\"0 0 448 512\" xmlns=\"http:\/\/www.w3.org\/2000\/svg\"><path d=\"M416 208H272V64c0-17.67-14.33-32-32-32h-32c-17.67 0-32 14.33-32 32v144H32c-17.67 0-32 14.33-32 32v32c0 17.67 14.33 32 32 32h144v144c0 17.67 14.33 32 32 32h32c17.67 0 32-14.33 32-32V304h144c17.67 0 32-14.33 32-32v-32c0-17.67-14.33-32-32-32z\"><\/path><\/svg><\/span>\n\t\t\t\t\t\t\t\t<span class=\"elementor-toggle-icon-opened\"><svg class=\"elementor-toggle-icon-opened e-font-icon-svg e-fas-minus\" viewbox=\"0 0 448 512\" xmlns=\"http:\/\/www.w3.org\/2000\/svg\"><path d=\"M416 208H32c-17.67 0-32 14.33-32 32v32c0 17.67 14.33 32 32 32h384c17.67 0 32-14.33 32-32v-32c0-17.67-14.33-32-32-32z\"><\/path><\/svg><\/span>\n\t\t\t\t\t\t\t\t\t\t\t\t\t<\/span>\n\t\t\t\t\t\t\t\t\t\t\t\t<a class=\"elementor-toggle-title\" tabindex=\"0\">MERCHANDISE, PRINTED, OR CUSTOMIZED PRODUCTS<\/a>\n\t\t\t\t\t<\/h3>\n\n\t\t\t\t\t<div id=\"elementor-tab-content-2511\" class=\"elementor-tab-content elementor-clearfix\" data-tab=\"1\" role=\"region\" aria-labelledby=\"elementor-tab-title-2511\"><div class=\"elementor-element elementor-element-1baa52e elementor-widget__width-initial elementor-widget-mobile__width-initial elementor-widget elementor-widget-text-editor\" data-id=\"1baa52e\" data-element_type=\"widget\" data-widget_type=\"text-editor.default\"><div class=\"elementor-widget-container\"><p><em>Do you offer licensed merchandise, prints, or customized products related to a universe, brand, or concept ? This category is made for you.<\/em><\/p><p><strong>Stand Size<\/strong><br \/>Choose between a 6m\u00b2 stand (includes 2 chairs) or an 8m\u00b2 stand (includes 4 chairs).<\/p><p><strong>Including structure<\/strong><br \/>A complete stand setup is provided: white wooden partitions, 2.5m high.<\/p><p><strong>Your Status<\/strong><br \/>Professional status is required.<\/p><p><strong>Type of Works<\/strong><br \/>Exclusively original creations, no reproductions or unauthorized copies permitted.<\/p><p><strong>Presentation<\/strong><br \/>A professional and visually coherent stand display is recommended to reflect the quality of your work.<\/p><p><strong>Pricing<\/strong><br \/>Free pricing policy (you set your own prices).<\/p><p><strong>Stand Sharing<\/strong><br \/>Sharing a stand is permitted, as long as each exhibitor complies with the criteria of the chosen category. Prior notification to the organizers is mandatory.<\/p><\/div><\/div><\/div>\n\t\t\t\t<\/div>\n\t\t\t\t\t\t\t\t<\/div>\n\t\t\t\t\t\t<\/div>\n\t\t\t\t<\/div>\n\t\t\t\t<div class=\"elementor-element elementor-element-6fce1da elementor-widget__width-inherit elementor-widget elementor-widget-toggle\" data-id=\"6fce1da\" data-element_type=\"widget\" data-e-type=\"widget\" data-widget_type=\"toggle.default\">\n\t\t\t\t<div class=\"elementor-widget-container\">\n\t\t\t\t\t\t\t<div class=\"elementor-toggle\">\n\t\t\t\t\t\t\t<div class=\"elementor-toggle-item\">\n\t\t\t\t\t<h3 id=\"elementor-tab-title-1171\" class=\"elementor-tab-title\" data-tab=\"1\" role=\"button\" aria-controls=\"elementor-tab-content-1171\" aria-expanded=\"false\">\n\t\t\t\t\t\t\t\t\t\t\t\t<span class=\"elementor-toggle-icon elementor-toggle-icon-right\" aria-hidden=\"true\">\n\t\t\t\t\t\t\t\t\t\t\t\t\t\t\t<span class=\"elementor-toggle-icon-closed\"><svg class=\"e-font-icon-svg e-fas-plus\" viewbox=\"0 0 448 512\" xmlns=\"http:\/\/www.w3.org\/2000\/svg\"><path d=\"M416 208H272V64c0-17.67-14.33-32-32-32h-32c-17.67 0-32 14.33-32 32v144H32c-17.67 0-32 14.33-32 32v32c0 17.67 14.33 32 32 32h144v144c0 17.67 14.33 32 32 32h32c17.67 0 32-14.33 32-32V304h144c17.67 0 32-14.33 32-32v-32c0-17.67-14.33-32-32-32z\"><\/path><\/svg><\/span>\n\t\t\t\t\t\t\t\t<span class=\"elementor-toggle-icon-opened\"><svg class=\"elementor-toggle-icon-opened e-font-icon-svg e-fas-minus\" viewbox=\"0 0 448 512\" xmlns=\"http:\/\/www.w3.org\/2000\/svg\"><path d=\"M416 208H32c-17.67 0-32 14.33-32 32v32c0 17.67 14.33 32 32 32h384c17.67 0 32-14.33 32-32v-32c0-17.67-14.33-32-32-32z\"><\/path><\/svg><\/span>\n\t\t\t\t\t\t\t\t\t\t\t\t\t<\/span>\n\t\t\t\t\t\t\t\t\t\t\t\t<a class=\"elementor-toggle-title\" tabindex=\"0\">Food<\/a>\n\t\t\t\t\t<\/h3>\n\n\t\t\t\t\t<div id=\"elementor-tab-content-1171\" class=\"elementor-tab-content elementor-clearfix\" data-tab=\"1\" role=\"region\" aria-labelledby=\"elementor-tab-title-1171\"><p><em>Do you offer cooked meals, artisanal products, beverages, or any other creations related to the world of food ? Whether you're a producer, caterer, restaurateur, or passionate about flavors, this category is made for you.<\/em><\/p><p><strong>Stand Size<\/strong><br \/>Available stand sizes: 12\u202fm\u00b2, 15\u202fm\u00b2, 18\u202fm\u00b2, 21\u202fm\u00b2, 32\u202fm\u00b2, 36\u202fm\u00b2.<\/p><p>Your Status<br \/>Professional status or official entity (business, non-profit, self-employed, etc.)<\/p><p><strong>Type of Products<\/strong><br \/>In accordance with current regulations, any exhibitor offering food products (solid or liquid) must clearly inform the public of the possible presence of allergens in their preparations.\n\nThe 14 major recognized allergens gluten, eggs, milk, peanuts, tree nuts, soy, mustard, sesame, fish, crustaceans, mollusks, celery, lupin, and sulphur dioxide  must be clearly indicated, either through a visible sign at the stand, labels on the products, or a document available upon request.\n\nThe organizer reserves the right to refuse installation or suspend the activity of any exhibitor who fails to comply with these food safety obligations.<\/p><p><strong>Pricing<\/strong><br \/>Price labeling is mandatory for all items.<\/p><\/div>\n\t\t\t\t<\/div>\n\t\t\t\t\t\t\t\t<\/div>\n\t\t\t\t\t\t<\/div>\n\t\t\t\t<\/div>\n\t\t\t\t<div class=\"elementor-element elementor-element-a086084 elementor-align-center elementor-invisible elementor-widget elementor-widget-button\" data-id=\"a086084\" data-element_type=\"widget\" data-e-type=\"widget\" data-settings=\"{&quot;_animation&quot;:&quot;fadeInUp&quot;}\" data-widget_type=\"button.default\">\n\t\t\t\t<div class=\"elementor-widget-container\">\n\t\t\t\t\t\t\t\t\t<div class=\"elementor-button-wrapper\">\n\t\t\t\t\t<a class=\"elementor-button elementor-button-link elementor-size-md elementor-animation-grow\" href=\"https:\/\/lgx.lu\/en\/reglement-exposants\/\">\n\t\t\t\t\t\t<span class=\"elementor-button-content-wrapper\">\n\t\t\t\t\t\t\t\t\t<span class=\"elementor-button-text\">Subscription<\/span>\n\t\t\t\t\t<\/span>\n\t\t\t\t\t<\/a>\n\t\t\t\t<\/div>\n\t\t\t\t\t\t\t\t<\/div>\n\t\t\t\t<\/div>\n\t\t\t\t<\/div>\n\t\t\t\t\t<\/div>\n\t\t\t\t<\/div>\n\t\t\t\t<\/div>","protected":false},"excerpt":{"rendered":"<p>Inscriptions ouvertes Conditions de participation L\u2019organisation se r\u00e9serve le droit de v\u00e9rifier l\u2019\u00e9ligibilit\u00e9 des exposants en demandant des \u00e9l\u00e9ments compl\u00e9mentaires (photos d\u2019atelier, exemples de produits, justificatif d\u2019activit\u00e9). Toute inscription incorrecte pourra \u00eatre modifi\u00e9e et reclass\u00e9e dans la bonne cat\u00e9gorie. La diff\u00e9rence de prix du stand devra alors \u00eatre r\u00e9gl\u00e9e imm\u00e9diatement. Artistes Vous d\u00e9butez, vendez vos cr\u00e9ations \u00e0 petit prix et vous n\u2019avez jamais \u00e9t\u00e9 expos\u00e9 en galerie ? Cette cat\u00e9gorie est faite pour vous ! Taille du stand 4m2 comprenant 2 chaises. Toutes demandes suppl\u00e9mentaires sera factur\u00e9e. Type de cr\u00e9ations Cr\u00e9ations enti\u00e8rement originales con\u00e7ues et\/ou fabriqu\u00e9s par l\u2019exposant. Votre statut Vous \u00eates en d\u00e9but d\u2019activit\u00e9 et cette derni\u00e8re pas votre activit\u00e9 principale. Expositions Vos cr\u00e9ations ne sont pas expos\u00e9es en galerie ou boutique professionnelle. Production Vos cr\u00e9ations sont des petites s\u00e9ries ou pi\u00e8ces unique : vos productions sont externalis\u00e9es ou en grande quantit\u00e9. Nombre de participations Pas plus de 3 participations dans cette cat\u00e9gorie : au del\u00e0, vous devrez passer en cat\u00e9gorie professionnelle. Partage de stand interdit Si vous souhaitez partager votre stand, vous devrez passer \u00e0 la cat\u00e9gorie des artistes ou cr\u00e9ateurs professionnels. Type de cr\u00e9ations Cr\u00e9ations enti\u00e8rement originales con\u00e7ues et\/ou fabriqu\u00e9s par l\u2019exposant. Cr\u00e9ateurs professionnels Vous vivez en partie de vos cr\u00e9ations, vous faites de la revente d\u2019articles ou vous b\u00e9n\u00e9ficiez d\u2019une visibilit\u00e9 professionnelle. C\u2019est ici que \u00e7a se passe ! Taille du stand Choix entre un stand de 6m2 comprenant 2 chaises ou un stand de 8m2 comprenant 4 chaises. Structure incluse Structure compl\u00e8te incluse : cloisons bois blanche, hauteur 2,50m. Votre statut Statut professionnel obligatoire. Type d\u2019oeuvres Oeuvres originales exclusivement : aucune reproduction, ni copie non autoris\u00e9e. Pr\u00e9sentation Pr\u00e9sentation professionnelle du stand recommand\u00e9e et coh\u00e9rent avec la qualit\u00e9 de votre offre. Prix Prix libre. Partage de stand autoris\u00e9e Partage du stand autoris\u00e9 \u00e0 condition que chacun respecte les crit\u00e8res de la cat\u00e9gorie choisie : obligation d\u2019informer pr\u00e9alablement l\u2019organisation. Merch Shop Vous proposez des produits d\u00e9riv\u00e9s, imprim\u00e9s ou personnalis\u00e9s en lien avec un univers, une marque ou un concept ? Cette cat\u00e9gorie est faite pour vous. Taille du stand Choix entre un stand de 6m2 comprenant 2 chaises ou un stand de 8m2 comprenant 4 chaises. Structure incluse Structure compl\u00e8te incluse : cloisons bois blanche, hauteur 2,50m. Votre statut Statut professionnel obligatoire. Type d\u2019oeuvres Oeuvres originales exclusivement : aucune reproduction, ni copie non autoris\u00e9e. Pr\u00e9sentation Pr\u00e9sentation professionnelle du stand recommand\u00e9e et coh\u00e9rent avec la qualit\u00e9 de votre offre. Prix Prix libre. Partage de stand autoris\u00e9e Partage du stand autoris\u00e9 \u00e0 condition que chacun respecte les crit\u00e8res de la cat\u00e9gorie choisie. Vous avez l\u2019obligation d\u2019informer pr\u00e9alablement l\u2019organisation. Food Vous proposez des plats cuisin\u00e9s, des produits artisanaux, des boissons ou toute autre cr\u00e9ation li\u00e9e \u00e0 l\u2019univers de la food ? Que vous soyez producteur, traiteur, restaurateur ou passionn\u00e9 de saveurs, cette cat\u00e9gorie est faite pour vous. Taille du stand Stand disponible : 12m2, 15m2, 18m2, 21m2, 32m2, 36m2 Votre statut Statut professionnel ou structure d\u00e9clar\u00e9e (entreprise, asbl, auto-entrepreneur\u2026) Type de produits Conform\u00e9ment \u00e0 la r\u00e9glementation en vigueur, tout exposant proposant des produits alimentaires (solides ou liquides) doit informer clairement le public sur la pr\u00e9sence \u00e9ventuelle d\u2019allerg\u00e8nes dans ses pr\u00e9parations. Les 14 allerg\u00e8nes majeurs reconnus (gluten, \u0153ufs, lait, arachides, fruits \u00e0 coque, soja, moutarde, s\u00e9same, poissons, crustac\u00e9s, mollusques, c\u00e9leri, lupin, anhydride sulfureux) doivent \u00eatre explicitement signal\u00e9s, que ce soit via une affiche visible sur le stand, une mention sur les \u00e9tiquettes, ou un document disponible \u00e0 la demande. L\u2019organisateur se r\u00e9serve le droit de refuser l\u2019installation ou de suspendre l\u2019activit\u00e9 de tout exposant ne respectant pas ces obligations de s\u00e9curit\u00e9 sanitaire Prix \u00c9tiquetage des prix obligatoire sur tous les articles. inscription<\/p>","protected":false},"author":5,"featured_media":0,"parent":0,"menu_order":0,"comment_status":"closed","ping_status":"closed","template":"elementor_header_footer","meta":{"footnotes":""},"class_list":["post-5114","page","type-page","status-publish","hentry"],"jetpack_sharing_enabled":true,"_links":{"self":[{"href":"https:\/\/lgx.lu\/en\/wp-json\/wp\/v2\/pages\/5114","targetHints":{"allow":["GET"]}}],"collection":[{"href":"https:\/\/lgx.lu\/en\/wp-json\/wp\/v2\/pages"}],"about":[{"href":"https:\/\/lgx.lu\/en\/wp-json\/wp\/v2\/types\/page"}],"author":[{"embeddable":true,"href":"https:\/\/lgx.lu\/en\/wp-json\/wp\/v2\/users\/5"}],"replies":[{"embeddable":true,"href":"https:\/\/lgx.lu\/en\/wp-json\/wp\/v2\/comments?post=5114"}],"version-history":[{"count":23,"href":"https:\/\/lgx.lu\/en\/wp-json\/wp\/v2\/pages\/5114\/revisions"}],"predecessor-version":[{"id":7202,"href":"https:\/\/lgx.lu\/en\/wp-json\/wp\/v2\/pages\/5114\/revisions\/7202"}],"wp:attachment":[{"href":"https:\/\/lgx.lu\/en\/wp-json\/wp\/v2\/media?parent=5114"}],"curies":[{"name":"wp","href":"https:\/\/api.w.org\/{rel}","templated":true}]}}